{"id":1428,"date":"2018-12-27T05:57:29","date_gmt":"2018-12-27T05:57:29","guid":{"rendered":"http:\/\/isabelle-meschi.com\/informativa-sulla-privacy\/"},"modified":"2018-12-27T05:57:29","modified_gmt":"2018-12-27T05:57:29","slug":"informativa-sulla-privacy","status":"publish","type":"page","link":"https:\/\/isabelle-meschi.com\/it\/informativa-sulla-privacy\/","title":{"rendered":"Informativa sulla privacy"},"content":{"rendered":"<h2>Informativa sulla Privacy<\/h2>\n<p>Data di entrata in vigore: December 27, 2018<\/p>\n<p>Isabelle Meschi &#8211; Traductrice Freelance (\u00ab\u00a0noi\u00a0\u00bb o \u00ab\u00a0nostro\u00a0\u00bb) gestisce il http:\/\/isabelle-meschi.com sito web (in appresso il \u00ab\u00a0Servizio\u00a0\u00bb).<\/p>\n<p>Questa pagina vi informa delle nostre politiche riguardanti la raccolta, l&rsquo;uso e la divulgazione dei dati personali quando usate il nostro Servizio e le scelte che avete associato a quei dati.\u00a0<a href=\"https:\/\/privacypolicies.com\/blog\/privacy-policy-template\/\">Credits: Privacy Policies: Modello di politica sulla privacy<\/a>.<\/p>\n<p>Utilizziamo i vostri dati per fornire e migliorare il Servizio. Utilizzando il Servizio, accettate la raccolta e l&rsquo;utilizzo delle informazioni in conformit\u00e0 con questa informativa. Se non diversamente definito nella presente Informativa sulla privacy, i termini utilizzati nella presente Informativa hanno la stessa valenza dei nostri Termini e condizioni, accessibili da http:\/\/isabelle-meschi.com<\/p>\n<h2>Definizioni<\/h2>\n<ul>\n<li><strong>Servizio<\/strong>\n<p>Il Servizio \u00e8 il sito http:\/\/isabelle-meschi.com gestito da Isabelle Meschi &#8211; Traductrice Freelance<\/li>\n<li><strong>Dati personali<\/strong>\n<p>I Dati personali sono i dati di un individuo vivente che pu\u00f2 essere identificato da quei dati (o da quelli e altre informazioni in nostro possesso o che potrebbero venire in nostro possesso).<\/li>\n<li><strong>Dati di utilizzo<\/strong>\n<p>I dati di utilizzo sono i dati raccolti automaticamente generati dall&rsquo;utilizzo del Servizio o dall&rsquo;infrastruttura del Servizio stesso (ad esempio, la durata della visita di una pagina).<\/li>\n<li><strong>Cookies<\/strong>\n<p>I cookie sono piccoli file memorizzati sul vostro dispositivo (computer o dispositivo mobile).<\/li>\n<\/ul>\n<h2>Raccolta e uso delle informazioni<\/h2>\n<p>Raccogliamo diversi tipi di informazioni per vari scopi, per fornire e migliorare il nostro servizio.<\/p>\n<h3>Tipologie di Dati raccolti<\/h3>\n<h4>Dati personali<\/h4>\n<p>Durante l&rsquo;utilizzo del nostro Servizio, potremmo chiedervi di fornirci alcune informazioni di identificazione personale che possono essere utilizzate per contattarvi o identificarvi (\u00ab\u00a0Dati personali\u00a0\u00bb). Le informazioni di identificazione personale possono includere, ma non sono limitate a:<\/p>\n<ul>\n<li>Indirizzo email<\/li>\n<li>Nome e cognome<\/li>\n<li>Cookie e dati di utilizzo<\/li>\n<\/ul>\n<h4>Dati di utilizzo<\/h4>\n<p>Potremmo anche raccogliere informazioni su come l&rsquo;utente accede e utilizza il Servizio (\u00ab\u00a0Dati di utilizzo\u00a0\u00bb). Questi Dati di utilizzo possono includere informazioni quali l&rsquo;indirizzo del protocollo Internet del computer (ad es. Indirizzo IP), il tipo di browser, la versione del browser, le pagine del nostro servizio che si visita, l&rsquo;ora e la data della visita, il tempo trascorso su tali pagine, identificatore unico del dispositivo e altri dati diagnostici.<\/p>\n<h4>Tracciamento; dati dei cookie<\/h4>\n<p>Utilizziamo cookie e tecnologie di tracciamento simili per tracciare l&rsquo;attivit\u00e0 sul nostro Servizio e conservare determinate informazioni.<\/p>\n<p>I cookie sono file con una piccola quantit\u00e0 di dati che possono includere un identificatore univoco anonimo. I cookie vengono inviati al vostro browser da un sito web e memorizzati sul vostro dispositivo. Altre tecnologie di tracciamento utilizzate sono anche beacon, tag e script per raccogliere e tenere traccia delle informazioni e per migliorare e analizzare il nostro Servizio.<\/p>\n<p>Potete chiedere al vostro browser di rifiutare tutti i cookie o di indicare quando viene inviato un cookie. Tuttavia, se non si accettano i cookie, potrebbe non essere possibile utilizzare alcune parti del nostro Servizio. Puoi saperne di pi\u00f9 su come gestire i cookie nella\u00a0<a href=\"https:\/\/privacypolicies.com\/blog\/how-to-delete-cookies\/\">Guida ai cookie del browser<\/a>.<\/p>\n<p>Esempi di cookie che utilizziamo:<\/p>\n<ul>\n<li><strong>Cookie di sessione.<\/strong>\u00a0Utilizziamo i cookie di sessione per gestire il nostro servizio.<\/li>\n<li><strong>Cookie di preferenza.<\/strong>\u00a0Utilizziamo i cookie di preferenza per ricordare le vostre preferenze e varie impostazioni.<\/li>\n<li><strong>Cookie di sicurezza.<\/strong>\u00a0Utilizziamo i cookie di sicurezza per motivi di sicurezza.<\/li>\n<\/ul>\n<h2>Uso dei dati<\/h2>\n<p>Isabelle Meschi &#8211; Traductrice Freelance utilizza i dati raccolti per vari scopi:<\/p>\n<ul>\n<li>Per fornire e mantenere il nostro Servizio<\/li>\n<li>Per comunicare agli utenti variazioni apportate al servizio che offriamo<\/li>\n<li>Per permettere agli utenti di fruire, a propria discrezione, di funzioni interattive del nostro servizio<\/li>\n<li>Per fornire un servizio ai clienti<\/li>\n<li>Per raccogliere analisi o informazioni preziose in modo da poter migliorare il nostro Servizio<\/li>\n<li>Per monitorare l&rsquo;utilizzo del nostro Servizio<\/li>\n<li>Per rilevare, prevenire e affrontare problemi tecnici<\/li>\n<\/ul>\n<h2>Trasferimento dei dati<\/h2>\n<p>Le vostre informazioni, compresi i Dati personali, possono essere trasferite a &#8211; e mantenute su &#8211; computer situati al di fuori del vostro stato, provincia, nazione o altra giurisdizione governativa dove le leggi sulla protezione dei dati possono essere diverse da quelle della vostra giurisdizione.<\/p>\n<p>Se ci si trova al di fuori di France e si sceglie di fornire informazioni a noi, si ricorda che trasferiamo i dati, compresi i dati personali, in France e li elaboriamo l\u00ec.<\/p>\n<p>Il vostro consenso alla presente Informativa sulla privacy seguito dall&rsquo;invio di tali informazioni rappresenta il vostro consenso al trasferimento.<\/p>\n<p>Isabelle Meschi &#8211; Traductrice Freelance adotter\u00e0 tutte le misure ragionevolmente necessarie per garantire che i vostri dati siano trattati in modo sicuro e in conformit\u00e0 con la presente Informativa sulla privacy e nessun trasferimento dei vostri Dati Personali sar\u00e0 effettuato a un&rsquo;organizzazione o a un paese a meno che non vi siano controlli adeguati dei vostri dati e altre informazioni personali.<\/p>\n<h2>Divulgazione di dati<\/h2>\n<h3>Prescrizioni di legge<\/h3>\n<p>Isabelle Meschi &#8211; Traductrice Freelance pu\u00f2 divulgare i vostri Dati personali in buona fede, ritenendo che tale azione sia necessaria per:<\/p>\n<ul>\n<li>Rispettare un obbligo legale<\/li>\n<li>Proteggere e difendere i diritti o la propriet\u00e0 di Isabelle Meschi &#8211; Traductrice Freelance<\/li>\n<li>Prevenire o investigare possibili illeciti in relazione al Servizio<\/li>\n<li>Proteggere la sicurezza personale degli utenti del Servizio o del pubblico<\/li>\n<li>Proteggere contro la responsabilit\u00e0 legale<\/li>\n<\/ul>\n<h2>Sicurezza dei dati<\/h2>\n<p>La sicurezza dei vostri dati \u00e8 importante per noi, ma ricordate che nessun metodo di trasmissione su Internet o metodo di archiviazione elettronica \u00e8 sicuro al 100%. Pertanto, anche se adotteremo ogni mezzo commercialmente accettabile per proteggere i vostri Dati personali, non possiamo garantirne la sicurezza assoluta.<\/p>\n<h2>Fornitori di servizi<\/h2>\n<p>Potremmo impiegare societ\u00e0 e individui di terze parti per facilitare il nostro Servizio (\u00ab\u00a0Fornitori di servizi\u00a0\u00bb), per fornire il Servizio per nostro conto, per eseguire servizi relativi ai Servizi o per aiutarci ad analizzare come viene utilizzato il nostro Servizio.<\/p>\n<p>Le terze parti hanno accesso ai vostri Dati personali solo per eseguire queste attivit\u00e0 per nostro conto e sono obbligate a non rivelarle o utilizzarle per altri scopi.<\/p>\n<h3>Statistiche<\/h3>\n<p>Potremmo utilizzare i Fornitori di servizi di terze parti per monitorare e analizzare l&rsquo;utilizzo del nostro servizio.<\/p>\n<ul>\n<li><strong>Google Analytics<\/strong>\n<p>Google Analytics \u00e8 un servizio di analisi web offerto da Google che tiene traccia e segnala il traffico del sito web. Google utilizza i dati raccolti per tracciare e monitorare l&rsquo;utilizzo del nostro Servizio. Questi dati sono condivisi con altri servizi di Google. Google pu\u00f2 utilizzare i dati raccolti per contestualizzare e personalizzare le inserzioni della propria rete pubblicitaria.<\/p>\n<p>Potete decidere di non rendere disponibile la vostra attivit\u00e0 sul Servizio a Google Analytics installando il componente aggiuntivo del browser per la disattivazione di Google Analytics. Il componente aggiuntivo impedisce a JavaScript di Google Analytics (ga.js, analytics.js e dc.js) di condividere informazioni con Google Analytics sull&rsquo;attivit\u00e0 delle visite.<\/p>\n<p>Per ulteriori informazioni sulle prassi relative alla privacy di Google, vi preghiamo di visitare la pagina web con i Termini della privacy di Google:\u00a0<a href=\"https:\/\/policies.google.com\/privacy?hl=en\">https:\/\/policies.google.com\/privacy?hl=en<\/a><\/li>\n<\/ul>\n<h2>Link ad altri siti<\/h2>\n<p>OIl nostro servizio pu\u00f2 contenere collegamenti ad altri siti non gestiti da noi. Cliccando su un link di terze parti, sarete indirizzati al sito di quella terza parte. Ti consigliamo vivamente di rivedere l&rsquo;Informativa sulla privacy di ogni sito che visiti.<\/p>\n<p>Non abbiamo alcun controllo e non ci assumiamo alcuna responsabilit\u00e0 per il contenuto, le politiche sulla privacy o le pratiche di qualsiasi sito o servizio di terzi.<\/p>\n<h2>Privacy dei minori<\/h2>\n<p>Il nostro servizio non si rivolge a minori di 18 anni (\u00ab\u00a0Bambini\u00a0\u00bb).<\/p>\n<p>Non raccogliamo consapevolmente informazioni personali relative a utenti di et\u00e0 inferiore a 18 anni. Se siete un genitore o tutore e siete consapevoli che vostro figlio ci ha fornito Dati personali, vi preghiamo di contattarci. Se veniamo a conoscenza del fatto che abbiamo raccolto Dati personali da minori senza la verifica del consenso dei genitori, adotteremo provvedimenti per rimuovere tali informazioni dai nostri server.<\/p>\n<h2>Modifiche alla presente informativa sulla privacy<\/h2>\n<p>Potremmo aggiornare periodicamente la nostra Informativa sulla privacy. Ti informeremo di eventuali modifiche pubblicando la nuova Informativa sulla privacy in questa pagina.<\/p>\n<p>Vi informeremo via e-mail e \/ o un avviso di rilievo sul nostro Servizio, prima che la modifica diventi effettiva e aggiorneremo la \u00ab\u00a0data di validit\u00e0\u00a0\u00bb nella parte superiore di questa Informativa sulla privacy.<\/p>\n<p>Si consiglia di rivedere periodicamente la presente Informativa sulla privacy per eventuali modifiche. Le modifiche a tale informativa sulla privacy entrano in vigore nel momento in cui vengono pubblicate su questa pagina.<\/p>\n<h2>Contattaci<\/h2>\n<p>In caso di domande sulla presente Informativa sulla privacy, si prega di contattarci:<\/p>\n<ul>\n<li>Tramite e-mail: contact@isabelle-meschi.com<\/li>\n<li>Visitando questa pagina sul nostro sito web: http:\/\/isabelle-meschi.com\/en\/privacy-policy<\/li>\n<\/ul>\n","protected":false},"excerpt":{"rendered":"<p>Informativa sulla Privacy Data di entrata in vigore: December 27, 2018 Isabelle Meschi &#8211; Traductrice Freelance (\u00ab\u00a0noi\u00a0\u00bb o \u00ab\u00a0nostro\u00a0\u00bb) gestisce il http:\/\/isabelle-meschi.com sito web (in appresso il \u00ab\u00a0Servizio\u00a0\u00bb). Questa pagina.<\/p>\n","protected":false},"author":1,"featured_media":0,"parent":0,"menu_order":0,"comment_status":"closed","ping_status":"open","template":"","meta":{"_mi_skip_tracking":false},"yoast_head":"<!-- This site is optimized with the Yoast SEO plugin v20.0 - https:\/\/yoast.com\/wordpress\/plugins\/seo\/ -->\n<title>Informativa sulla privacy - Isabelle Meschi<\/title>\n<meta name=\"robots\" content=\"index, follow, max-snippet:-1, max-image-preview:large, max-video-preview:-1\" \/>\n<link rel=\"canonical\" href=\"https:\/\/isabelle-meschi.com\/fr\/informativa-sulla-privacy\/\" \/>\n<meta property=\"og:locale\" content=\"fr_FR\" \/>\n<meta property=\"og:type\" content=\"article\" \/>\n<meta property=\"og:title\" content=\"Informativa sulla privacy - Isabelle Meschi\" \/>\n<meta property=\"og:description\" content=\"Informativa sulla Privacy Data di entrata in vigore: December 27, 2018 Isabelle Meschi &#8211; Traductrice Freelance (\u00ab\u00a0noi\u00a0\u00bb o \u00ab\u00a0nostro\u00a0\u00bb) gestisce il http:\/\/isabelle-meschi.com sito web (in appresso il \u00ab\u00a0Servizio\u00a0\u00bb). Questa pagina.\" \/>\n<meta property=\"og:url\" content=\"https:\/\/isabelle-meschi.com\/it\/informativa-sulla-privacy\/\" \/>\n<meta property=\"og:site_name\" content=\"Isabelle Meschi\" \/>\n<meta name=\"twitter:card\" content=\"summary_large_image\" \/>\n<meta name=\"twitter:label1\" content=\"Dur\u00e9e de lecture estim\u00e9e\" \/>\n\t<meta name=\"twitter:data1\" content=\"7 minutes\" \/>\n<script type=\"application\/ld+json\" class=\"yoast-schema-graph\">{\"@context\":\"https:\/\/schema.org\",\"@graph\":[{\"@type\":\"WebPage\",\"@id\":\"https:\/\/isabelle-meschi.com\/it\/informativa-sulla-privacy\/\",\"url\":\"https:\/\/isabelle-meschi.com\/it\/informativa-sulla-privacy\/\",\"name\":\"Informativa sulla privacy - Isabelle Meschi\",\"isPartOf\":{\"@id\":\"https:\/\/isabelle-meschi.com\/fr\/#website\"},\"datePublished\":\"2018-12-27T05:57:29+00:00\",\"dateModified\":\"2018-12-27T05:57:29+00:00\",\"breadcrumb\":{\"@id\":\"https:\/\/isabelle-meschi.com\/it\/informativa-sulla-privacy\/#breadcrumb\"},\"inLanguage\":\"fr-FR\",\"potentialAction\":[{\"@type\":\"ReadAction\",\"target\":[\"https:\/\/isabelle-meschi.com\/it\/informativa-sulla-privacy\/\"]}]},{\"@type\":\"BreadcrumbList\",\"@id\":\"https:\/\/isabelle-meschi.com\/it\/informativa-sulla-privacy\/#breadcrumb\",\"itemListElement\":[{\"@type\":\"ListItem\",\"position\":1,\"name\":\"Homepage\",\"item\":\"https:\/\/isabelle-meschi.com\/fr\/\"},{\"@type\":\"ListItem\",\"position\":2,\"name\":\"Informativa sulla privacy\"}]},{\"@type\":\"WebSite\",\"@id\":\"https:\/\/isabelle-meschi.com\/fr\/#website\",\"url\":\"https:\/\/isabelle-meschi.com\/fr\/\",\"name\":\"Isabelle Meschi - Traductrice Freelance\",\"description\":\"Traductrice Freelance\",\"publisher\":{\"@id\":\"https:\/\/isabelle-meschi.com\/fr\/#organization\"},\"potentialAction\":[{\"@type\":\"SearchAction\",\"target\":{\"@type\":\"EntryPoint\",\"urlTemplate\":\"https:\/\/isabelle-meschi.com\/fr\/?s={search_term_string}\"},\"query-input\":\"required name=search_term_string\"}],\"inLanguage\":\"fr-FR\"},{\"@type\":\"Organization\",\"@id\":\"https:\/\/isabelle-meschi.com\/fr\/#organization\",\"name\":\"Isabelle Meschi - Freelance Translator\",\"url\":\"https:\/\/isabelle-meschi.com\/fr\/\",\"logo\":{\"@type\":\"ImageObject\",\"inLanguage\":\"fr-FR\",\"@id\":\"https:\/\/isabelle-meschi.com\/fr\/#\/schema\/logo\/image\/\",\"url\":\"https:\/\/isabelle-meschi.com\/wp-content\/uploads\/2018\/10\/isabelle_meschi_traductrice_paris.png\",\"contentUrl\":\"https:\/\/isabelle-meschi.com\/wp-content\/uploads\/2018\/10\/isabelle_meschi_traductrice_paris.png\",\"width\":223,\"height\":154,\"caption\":\"Isabelle Meschi - Freelance Translator\"},\"image\":{\"@id\":\"https:\/\/isabelle-meschi.com\/fr\/#\/schema\/logo\/image\/\"}}]}<\/script>\n<!-- \/ Yoast SEO plugin. -->","yoast_head_json":{"title":"Informativa sulla privacy - Isabelle Meschi","robots":{"index":"index","follow":"follow","max-snippet":"max-snippet:-1","max-image-preview":"max-image-preview:large","max-video-preview":"max-video-preview:-1"},"canonical":"https:\/\/isabelle-meschi.com\/fr\/informativa-sulla-privacy\/","og_locale":"fr_FR","og_type":"article","og_title":"Informativa sulla privacy - Isabelle Meschi","og_description":"Informativa sulla Privacy Data di entrata in vigore: December 27, 2018 Isabelle Meschi &#8211; Traductrice Freelance (\u00ab\u00a0noi\u00a0\u00bb o \u00ab\u00a0nostro\u00a0\u00bb) gestisce il http:\/\/isabelle-meschi.com sito web (in appresso il \u00ab\u00a0Servizio\u00a0\u00bb). Questa pagina.","og_url":"https:\/\/isabelle-meschi.com\/it\/informativa-sulla-privacy\/","og_site_name":"Isabelle Meschi","twitter_card":"summary_large_image","twitter_misc":{"Dur\u00e9e de lecture estim\u00e9e":"7 minutes"},"schema":{"@context":"https:\/\/schema.org","@graph":[{"@type":"WebPage","@id":"https:\/\/isabelle-meschi.com\/it\/informativa-sulla-privacy\/","url":"https:\/\/isabelle-meschi.com\/it\/informativa-sulla-privacy\/","name":"Informativa sulla privacy - Isabelle Meschi","isPartOf":{"@id":"https:\/\/isabelle-meschi.com\/fr\/#website"},"datePublished":"2018-12-27T05:57:29+00:00","dateModified":"2018-12-27T05:57:29+00:00","breadcrumb":{"@id":"https:\/\/isabelle-meschi.com\/it\/informativa-sulla-privacy\/#breadcrumb"},"inLanguage":"fr-FR","potentialAction":[{"@type":"ReadAction","target":["https:\/\/isabelle-meschi.com\/it\/informativa-sulla-privacy\/"]}]},{"@type":"BreadcrumbList","@id":"https:\/\/isabelle-meschi.com\/it\/informativa-sulla-privacy\/#breadcrumb","itemListElement":[{"@type":"ListItem","position":1,"name":"Homepage","item":"https:\/\/isabelle-meschi.com\/fr\/"},{"@type":"ListItem","position":2,"name":"Informativa sulla privacy"}]},{"@type":"WebSite","@id":"https:\/\/isabelle-meschi.com\/fr\/#website","url":"https:\/\/isabelle-meschi.com\/fr\/","name":"Isabelle Meschi - Traductrice Freelance","description":"Traductrice Freelance","publisher":{"@id":"https:\/\/isabelle-meschi.com\/fr\/#organization"},"potentialAction":[{"@type":"SearchAction","target":{"@type":"EntryPoint","urlTemplate":"https:\/\/isabelle-meschi.com\/fr\/?s={search_term_string}"},"query-input":"required name=search_term_string"}],"inLanguage":"fr-FR"},{"@type":"Organization","@id":"https:\/\/isabelle-meschi.com\/fr\/#organization","name":"Isabelle Meschi - Freelance Translator","url":"https:\/\/isabelle-meschi.com\/fr\/","logo":{"@type":"ImageObject","inLanguage":"fr-FR","@id":"https:\/\/isabelle-meschi.com\/fr\/#\/schema\/logo\/image\/","url":"https:\/\/isabelle-meschi.com\/wp-content\/uploads\/2018\/10\/isabelle_meschi_traductrice_paris.png","contentUrl":"https:\/\/isabelle-meschi.com\/wp-content\/uploads\/2018\/10\/isabelle_meschi_traductrice_paris.png","width":223,"height":154,"caption":"Isabelle Meschi - Freelance Translator"},"image":{"@id":"https:\/\/isabelle-meschi.com\/fr\/#\/schema\/logo\/image\/"}}]}},"_links":{"self":[{"href":"https:\/\/isabelle-meschi.com\/it\/wp-json\/wp\/v2\/pages\/1428\/"}],"collection":[{"href":"https:\/\/isabelle-meschi.com\/it\/wp-json\/wp\/v2\/pages\/"}],"about":[{"href":"https:\/\/isabelle-meschi.com\/it\/wp-json\/wp\/v2\/types\/page\/"}],"author":[{"embeddable":true,"href":"https:\/\/isabelle-meschi.com\/it\/wp-json\/wp\/v2\/users\/1\/"}],"replies":[{"embeddable":true,"href":"https:\/\/isabelle-meschi.com\/it\/wp-json\/wp\/v2\/comments\/?post=1428"}],"version-history":[{"count":0,"href":"https:\/\/isabelle-meschi.com\/it\/wp-json\/wp\/v2\/pages\/1428\/revisions\/"}],"wp:attachment":[{"href":"https:\/\/isabelle-meschi.com\/it\/wp-json\/wp\/v2\/media\/?parent=1428"}],"curies":[{"name":"wp","href":"https:\/\/api.w.org\/{rel}","templated":true}]}}