{"id":1362,"date":"2018-12-26T09:05:20","date_gmt":"2018-12-26T09:05:20","guid":{"rendered":"http:\/\/isabelle-meschi.com\/homepage\/"},"modified":"2022-10-11T12:41:56","modified_gmt":"2022-10-11T12:41:56","slug":"homepage","status":"publish","type":"page","link":"https:\/\/isabelle-meschi.com\/it\/homepage\/","title":{"rendered":"Homepage"},"content":{"rendered":"<p>[vc_row center_row_content=\u00a0\u00bbyes\u00a0\u00bb][vc_column]<div class=\"jt-heading \" style=\"text-align:center;\"><h3 class=\"jt-main-head\" style=\"font-size:20px;\">QUALCOSA IN PI\u00d9 SU DI ME<\/h3><div class=\"jt-leaf-center jt-leaf\"><\/div><\/div>[vc_empty_space height=\u00a0\u00bb15px\u00a0\u00bb][vc_row_inner][vc_column_inner width=\u00a0\u00bb1\/4&Prime;][vc_column_text]<img decoding=\"async\" loading=\"lazy\" class=\"alignleft wp-image-1602 size-medium\" src=\"http:\/\/isabelle-meschi.com\/wp-content\/uploads\/2019\/04\/Bibi-3-1-200x300.jpg\" alt=\"\" width=\"200\" height=\"300\" srcset=\"https:\/\/isabelle-meschi.com\/wp-content\/uploads\/2019\/04\/Bibi-3-1-200x300.jpg 200w, https:\/\/isabelle-meschi.com\/wp-content\/uploads\/2019\/04\/Bibi-3-1-768x1152.jpg 768w, https:\/\/isabelle-meschi.com\/wp-content\/uploads\/2019\/04\/Bibi-3-1-683x1024.jpg 683w\" sizes=\"(max-width: 200px) 100vw, 200px\" \/>[\/vc_column_text][\/vc_column_inner][vc_column_inner width=\u00a0\u00bb3\/4&Prime;][vc_column_text]Benvenuti sul mio sito internet dedicato alla traduzione e ad altri argomenti che mi stanno a cuore. Spero che possiate trovare quello che cercate!<\/p>\n<p>Come ho deciso di diventare una traduttrice? A dire la verit\u00e0, il mio destino era gi\u00e0 scritto, poich\u00e9, fin dalla pi\u00f9 tenera et\u00e0, ho avuto una forte passione per le lingue straniere. Sono nata in Francia da genitori italiani. Ogni estate, ci recavamo in Italia per andare a trovare parenti e amici.<\/p>\n<p>L\u2019italiano, lingua melodica e musicale fa quindi parte della mia vita da sempre. Poi, \u00e8 arrivato l\u2019inglese. \u00c8 stato un colpo di fulmine, una magia, un\u2019evidenza. Fin da piccola, sono stata affascinata da questa lingua dai suoni dolci e ho nutrito un amore immenso per l\u2019Inghilterra, Paese che, fino ad allora, non avevo ancora visitato. Avevo trovato le due lingue che mi avrebbero permesso, pi\u00f9 avanti, di vivere della mia passione. La traduzione, infatti, \u00e8 per me una passione, prima di essere un lavoro.<\/p>\n<p>Passione che mi ha anche consentito di vivere a Milano e a Londra, con lo scopo di impregnarmi della cultura legata ai miei due Paesi del cuore. Queste esperienze mi hanno arricchito enormemente: vivere all\u2019estero \u00e8 una fortuna, poich\u00e9 permette di avere una visione pi\u00f9 aperta del mondo.<\/p>\n<p>Amo il mio lavoro, perch\u00e9, attraverso le pagine, permette di viaggiare, di istruirmi e di condividere la conoscenza con gli altri, in particolare i bambini, per i quali ho tradotto molti libri.<\/p>\n<p>Come potete quindi immaginare, metter\u00f2 la mia passione per le parole al vostro servizio, per permettervi di comunicare il vostro messaggio al pubblico. Per concludere la mia presentazione, vi lascio con una citazione di Anatole France, che tocca particolarmente la mia anima di traduttrice:<\/p>\n<blockquote><p><strong>\u201cLe parole pi\u00f9 belle sono soltanto suoni vani, se non le capiamo\u201d.<\/strong><\/p><\/blockquote>\n<p>[\/vc_column_text][vc_empty_space][\/vc_column_inner][\/vc_row_inner][\/vc_column][\/vc_row][vc_row center_row_content=\u00a0\u00bbyes\u00a0\u00bb col_right_left_space=\u00a0\u00bbyes\u00a0\u00bb css=\u00a0\u00bb.vc_custom_1444547694998{margin-bottom: 0px !important;padding-top: 90px !important;padding-bottom: 60px !important;background-color: #35373e !important;}\u00a0\u00bb][vc_column width=\u00a0\u00bb1\/4&Prime; el_class=\u00a0\u00bbcounter-five\u00a0\u00bb][vc_column_text]<div class=\"jt-vint-title vint-title-only \"><h2  style=\"color:#fff;\">Qualche cifra<\/h2><\/div>\u00a0<div class=\"jt-vint-title  jt-leaf-left\"><div class=\"jt-leaf\"><\/div><\/div>[\/vc_column_text][\/vc_column][vc_column width=\u00a0\u00bb3\/4&Prime; el_class=\u00a0\u00bbjt-count-sep-white\u00a0\u00bb][vc_row_inner][vc_column_inner width=\u00a0\u00bb1\/3&Prime;]<div class=\"jt-counter \" style=\"\"><div class=\"jt-num\" style=\"color:#ffffff;\"><span>23<\/span><\/div><div class=\"jt-count-sep\"><\/div><div class=\"jt-coun-content\" style=\"color:#ffffff;\">libri tradotti<\/div><\/div>[\/vc_column_inner][vc_column_inner width=\u00a0\u00bb1\/3&Prime;]<div class=\"jt-counter \" style=\"\"><div class=\"jt-num\" style=\"color:#ffffff;\"><span>13<\/span><\/div><div class=\"jt-count-sep\"><\/div><div class=\"jt-coun-content\" style=\"color:#ffffff;\">anni di esperienza<\/div><\/div>[\/vc_column_inner][vc_column_inner width=\u00a0\u00bb1\/3&Prime;]<div class=\"jt-counter \" style=\"\"><div class=\"jt-num\" style=\"color:#ffffff;\"><span>3<\/span><\/div><div class=\"jt-count-sep\"><\/div><div class=\"jt-coun-content\" style=\"color:#ffffff;\">lingue padroneggiate<\/div><\/div>[\/vc_column_inner][\/vc_row_inner][\/vc_column][\/vc_row][vc_row center_row_content=\u00a0\u00bbyes\u00a0\u00bb css=\u00a0\u00bb.vc_custom_1441894113908{padding-top: 110px !important;}\u00a0\u00bb][vc_column]<div class=\"jt-heading \" style=\"text-align:center;\"><h3 class=\"jt-main-head\" style=\"font-size:20px;\">Dicono di me<\/h3><div class=\"jt-leaf-center jt-leaf\"><\/div><\/div>[vc_empty_space height=\u00a0\u00bb15px\u00a0\u00bb][\/vc_column][\/vc_row][vc_row][vc_column]  <div class=\"jt-test-carousel-two-extrawidth \">\n   <div class=\"jt-heading jt-head-large\">\n        <span class=\"jt-short-title\" style=\"\"><\/span>\n              <\/div>\n\n    <div class=\"jt-test-carousel-two\">\n          <!-- Each Carousel -->\n        <div class=\"jt-test-each-carousel\">\n           <p style=\"\">\n           Excellent work, impressive knowledge of language and attention to detail. Many thanks!           <\/p>\n            <div class=\"jt-test-metas\">\n                                <ul class=\"\">\n                                       <\/ul>\n                <div class=\"jt-test-name\" style=\"\">\n                    Angelika Friedrich                    <span style=\"\">( Peripatetic Translation Services GmbH )<\/span>\n                <\/div>\n            <\/div>\n        <\/div>\n        <!-- Each Carousel -->\n               <!-- Each Carousel -->\n        <div class=\"jt-test-each-carousel\">\n           <p style=\"\">\n           Good communication, delivery on time. Hope to work with you again. Thanks.           <\/p>\n            <div class=\"jt-test-metas\">\n                                <ul class=\"\">\n                                       <\/ul>\n                <div class=\"jt-test-name\" style=\"\">\n                    Agnes Kenez                    <span style=\"\">( Leomilla Translation \/ Leomilla Kft  )<\/span>\n                <\/div>\n            <\/div>\n        <\/div>\n        <!-- Each Carousel -->\n               <!-- Each Carousel -->\n        <div class=\"jt-test-each-carousel\">\n           <p style=\"\">\n           Isabelle did an excellent job on a recent localisation project for the fashion industry from Italian into French. I will definitely use her services again when the opportunity arises. 100% reliable and a great approach to business.           <\/p>\n            <div class=\"jt-test-metas\">\n                                <ul class=\"\">\n                                       <\/ul>\n                <div class=\"jt-test-name\" style=\"\">\n                    Convince                    <span style=\"\">( Karim Hantout \/ Con&#039;vince )<\/span>\n                <\/div>\n            <\/div>\n        <\/div>\n        <!-- Each Carousel -->\n               <!-- Each Carousel -->\n        <div class=\"jt-test-each-carousel\">\n           <p style=\"\">\n           We will certainly work together at the next opportunity.           <\/p>\n            <div class=\"jt-test-metas\">\n                                <ul class=\"\">\n                                       <\/ul>\n                <div class=\"jt-test-name\" style=\"\">\n                    Mirelluk                    <span style=\"\">( Smart Planning UK )<\/span>\n                <\/div>\n            <\/div>\n        <\/div>\n        <!-- Each Carousel -->\n               <!-- Each Carousel -->\n        <div class=\"jt-test-each-carousel\">\n           <p style=\"\">\n           Efficient, fast, competent and reliable translator. Isabelle is the person for you if you want top-notch translations!           <\/p>\n            <div class=\"jt-test-metas\">\n                                <ul class=\"\">\n                                       <\/ul>\n                <div class=\"jt-test-name\" style=\"\">\n                    TraduzioniMedia                    <span style=\"\">( Traduzioni Media )<\/span>\n                <\/div>\n            <\/div>\n        <\/div>\n        <!-- Each Carousel -->\n               <!-- Each Carousel -->\n        <div class=\"jt-test-each-carousel\">\n           <p style=\"\">\n           Brava, affidabile e puntuale. Spero di collaborare ancora in futuro.           <\/p>\n            <div class=\"jt-test-metas\">\n                                <ul class=\"\">\n                                       <\/ul>\n                <div class=\"jt-test-name\" style=\"\">\n                    Marina Vittoria                    <span style=\"\">( STUDIO MVM )<\/span>\n                <\/div>\n            <\/div>\n        <\/div>\n        <!-- Each Carousel -->\n               <!-- Each Carousel -->\n        <div class=\"jt-test-each-carousel\">\n           <p style=\"\">\n           Very helpful, really good translator, on time and very friendly. Really enjoy working with Isabelle!           <\/p>\n            <div class=\"jt-test-metas\">\n                                <ul class=\"\">\n                                       <\/ul>\n                <div class=\"jt-test-name\" style=\"\">\n                    Wolfestone                    <span style=\"\">( Wolfestone Translation )<\/span>\n                <\/div>\n            <\/div>\n        <\/div>\n        <!-- Each Carousel -->\n               <!-- Each Carousel -->\n        <div class=\"jt-test-each-carousel\">\n           <p style=\"\">\n           Outstanding, would definitely trust Isabelle again.           <\/p>\n            <div class=\"jt-test-metas\">\n                                <ul class=\"\">\n                                       <\/ul>\n                <div class=\"jt-test-name\" style=\"\">\n                    Justin Peterson                    <span style=\"\">( Vaughan Systems \/ Vaughan Translations  )<\/span>\n                <\/div>\n            <\/div>\n        <\/div>\n        <!-- Each Carousel -->\n             <\/div>\n  <\/div>\n    [\/vc_column][\/vc_row][vc_row][vc_column]<div class=\"jt-heading \" style=\"text-align:center;\"><h3 class=\"jt-main-head\" style=\"\">Le mie competenze al vostro servizio<\/h3><div class=\"jt-sep\"><\/div><\/div>[vc_column_text]Dopo aver ottenuto il diploma in traduzione letteraria e tecnico-scientifica, all\u2019Universit\u00e0 IULM di Milano, ho deciso quasi da subito di mettermi in proprio, per dedicarmi alle gioie del mestiere di traduttore.<\/p>\n<p>Sono membro dell\u2019ATLF (Associazione Francese dei Traduttori Letterari) e traduco dall\u2019inglese e dall\u2019italiano verso il francese. Qui di seguito, sono elencati i miei settori di specializzazione.[\/vc_column_text][\/vc_column][\/vc_row][vc_row][vc_column width=\u00a0\u00bb1\/2&Prime;][vc_hoverbox image=\u00a0\u00bb1102&Prime; primary_title=\u00a0\u00bbEditoria\u00a0\u00bb primary_title_font_container=\u00a0\u00bbcolor:%23ffffff\u00a0\u00bb hover_title=\u00a0\u00bbEditoria\u00a0\u00bb use_custom_fonts_primary_title=\u00a0\u00bbtrue\u00a0\u00bb]Ho la fortuna di collaborare regolarmente con la casa editrice Nathan e di aver tradotto diversi libri per bambini, di cui troverete una <a href=\"http:\/\/isabelle-meschi.com\/it\/bibliografia\/\">lista aggiornata<\/a>. \u00c8 sempre un piacere tradurre questi testi, che permettono di comunicare importanti conoscenze agli adulti di domani.<\/p>\n<p>Traduco anche romanzi, saggi e novelle.[\/vc_hoverbox][\/vc_column][vc_column width=\u00a0\u00bb1\/2&Prime;][vc_hoverbox image=\u00a0\u00bb1107&Prime; primary_title=\u00a0\u00bbCinema\u00a0\u00bb primary_title_font_container=\u00a0\u00bbcolor:%23ffffff\u00a0\u00bb hover_title=\u00a0\u00bbCinema\u00a0\u00bb use_custom_fonts_primary_title=\u00a0\u00bbtrue\u00a0\u00bb]Dopo aver lavorato per diversi anni, nel campo cinematografico, ho avuto la fortuna di tradurre serie tv, un film, i bonus di alcuni DVD, un copione e vari articoli legati al mondo del piccolo e grande schermo. Posso quindi occuparmi dei vostri articoli o copioni.[\/vc_hoverbox][\/vc_column][\/vc_row][vc_row][vc_column][vc_empty_space][\/vc_column][\/vc_row][vc_row][vc_column width=\u00a0\u00bb1\/2&Prime;][vc_hoverbox image=\u00a0\u00bb1103&Prime; primary_title=\u00a0\u00bbTurismo\u00a0\u00bb primary_title_font_container=\u00a0\u00bbcolor:%23000000&Prime; hover_title=\u00a0\u00bbTurismo\u00a0\u00bb use_custom_fonts_primary_title=\u00a0\u00bbtrue\u00a0\u00bb]Cosa arricchisce di pi\u00f9 del viaggiare attraverso le pagine di un documento, per evadere e scoprire nuovi orizzonti? Realizzo regolarmente traduzioni in questo campo e posso quindi occuparmi dei vostri siti web, brochure, guide, d\u00e9pliant informativi e altri documenti.[\/vc_hoverbox][\/vc_column][vc_column width=\u00a0\u00bb1\/2&Prime;][vc_hoverbox image=\u00a0\u00bb1101&Prime; primary_title=\u00a0\u00bbCosmetica\u00a0\u00bb primary_title_font_container=\u00a0\u00bbcolor:%23ffffff\u00a0\u00bb hover_title=\u00a0\u00bbCosmetica\u00a0\u00bb use_custom_fonts_primary_title=\u00a0\u00bbtrue\u00a0\u00bb]Ho una grande esperienza nel campo della cosmetica e sar\u00f2 felice di tradurre le vostre schede prodotti, siti web, brochure, cataloghi, istruzioni per l&rsquo;uso e presentazioni commerciali.[\/vc_hoverbox][\/vc_column][\/vc_row][vc_row][vc_column][vc_empty_space][vc_column_text]Il vostro settore non risulta tra le mie specializzazioni? Traduco anche altri tipi di documenti pi\u00f9 tecnici, come manuali d\u2019utilizzo, contratti o condizioni generali di vendita. Non esitate a <a href=\"http:\/\/isabelle-meschi.com\/it\/contatti\/\">contattarmi<\/a> per parlarne in modo pi\u00f9 specifico.<\/p>\n<p>Infine, propongo anche servizi di rilettura (in francese) e di revisione (dall\u2019inglese e dall\u2019italiano verso il francese).[\/vc_column_text][\/vc_column][\/vc_row]<\/p>\n","protected":false},"excerpt":{"rendered":"<p>[vc_row center_row_content=\u00a0\u00bbyes\u00a0\u00bb][vc_column][vc_empty_space height=\u00a0\u00bb15px\u00a0\u00bb][vc_row_inner][vc_column_inner width=\u00a0\u00bb1\/4&Prime;][vc_column_text][\/vc_column_text][\/vc_column_inner][vc_column_inner width=\u00a0\u00bb3\/4&Prime;][vc_column_text]Benvenuti sul mio sito internet dedicato alla traduzione e ad altri argomenti che mi stanno a cuore. Spero che possiate trovare quello che cercate! Come ho.<\/p>\n","protected":false},"author":1,"featured_media":0,"parent":0,"menu_order":0,"comment_status":"open","ping_status":"closed","template":"","meta":{"_mi_skip_tracking":false},"yoast_head":"<!-- This site is optimized with the Yoast SEO plugin v20.0 - https:\/\/yoast.com\/wordpress\/plugins\/seo\/ -->\n<title>Homepage - Isabelle Meschi<\/title>\n<meta name=\"robots\" content=\"index, follow, max-snippet:-1, max-image-preview:large, max-video-preview:-1\" \/>\n<link rel=\"canonical\" href=\"https:\/\/isabelle-meschi.com\/fr\/\" \/>\n<meta property=\"og:locale\" content=\"fr_FR\" \/>\n<meta property=\"og:type\" content=\"article\" \/>\n<meta property=\"og:title\" content=\"Homepage - Isabelle Meschi\" \/>\n<meta property=\"og:description\" content=\"[vc_row center_row_content=\u00a0\u00bbyes\u00a0\u00bb][vc_column][vc_empty_space height=\u00a0\u00bb15px\u00a0\u00bb][vc_row_inner][vc_column_inner width=\u00a0\u00bb1\/4&Prime;][vc_column_text][\/vc_column_text][\/vc_column_inner][vc_column_inner width=\u00a0\u00bb3\/4&Prime;][vc_column_text]Benvenuti sul mio sito internet dedicato alla traduzione e ad altri argomenti che mi stanno a cuore. Spero che possiate trovare quello che cercate! Come ho.\" \/>\n<meta property=\"og:url\" content=\"https:\/\/isabelle-meschi.com\/it\/\" \/>\n<meta property=\"og:site_name\" content=\"Isabelle Meschi\" \/>\n<meta property=\"article:modified_time\" content=\"2022-10-11T12:41:56+00:00\" \/>\n<meta property=\"og:image\" content=\"http:\/\/isabelle-meschi.com\/wp-content\/uploads\/2019\/04\/Bibi-3-1-200x300.jpg\" \/>\n<meta name=\"twitter:card\" content=\"summary_large_image\" \/>\n<meta name=\"twitter:label1\" content=\"Dur\u00e9e de lecture estim\u00e9e\" \/>\n\t<meta name=\"twitter:data1\" content=\"4 minutes\" \/>\n<script type=\"application\/ld+json\" class=\"yoast-schema-graph\">{\"@context\":\"https:\/\/schema.org\",\"@graph\":[{\"@type\":\"WebPage\",\"@id\":\"https:\/\/isabelle-meschi.com\/it\/\",\"url\":\"https:\/\/isabelle-meschi.com\/it\/\",\"name\":\"Homepage - Isabelle Meschi\",\"isPartOf\":{\"@id\":\"https:\/\/isabelle-meschi.com\/fr\/#website\"},\"datePublished\":\"2018-12-26T09:05:20+00:00\",\"dateModified\":\"2022-10-11T12:41:56+00:00\",\"breadcrumb\":{\"@id\":\"https:\/\/isabelle-meschi.com\/it\/#breadcrumb\"},\"inLanguage\":\"fr-FR\",\"potentialAction\":[{\"@type\":\"ReadAction\",\"target\":[\"https:\/\/isabelle-meschi.com\/it\/\"]}]},{\"@type\":\"BreadcrumbList\",\"@id\":\"https:\/\/isabelle-meschi.com\/it\/#breadcrumb\",\"itemListElement\":[{\"@type\":\"ListItem\",\"position\":1,\"name\":\"Homepage\",\"item\":\"https:\/\/isabelle-meschi.com\/fr\/\"},{\"@type\":\"ListItem\",\"position\":2,\"name\":\"Homepage\"}]},{\"@type\":\"WebSite\",\"@id\":\"https:\/\/isabelle-meschi.com\/fr\/#website\",\"url\":\"https:\/\/isabelle-meschi.com\/fr\/\",\"name\":\"Isabelle Meschi - Traductrice Freelance\",\"description\":\"Traductrice Freelance\",\"publisher\":{\"@id\":\"https:\/\/isabelle-meschi.com\/fr\/#organization\"},\"potentialAction\":[{\"@type\":\"SearchAction\",\"target\":{\"@type\":\"EntryPoint\",\"urlTemplate\":\"https:\/\/isabelle-meschi.com\/fr\/?s={search_term_string}\"},\"query-input\":\"required name=search_term_string\"}],\"inLanguage\":\"fr-FR\"},{\"@type\":\"Organization\",\"@id\":\"https:\/\/isabelle-meschi.com\/fr\/#organization\",\"name\":\"Isabelle Meschi - Freelance Translator\",\"url\":\"https:\/\/isabelle-meschi.com\/fr\/\",\"logo\":{\"@type\":\"ImageObject\",\"inLanguage\":\"fr-FR\",\"@id\":\"https:\/\/isabelle-meschi.com\/fr\/#\/schema\/logo\/image\/\",\"url\":\"https:\/\/isabelle-meschi.com\/wp-content\/uploads\/2018\/10\/isabelle_meschi_traductrice_paris.png\",\"contentUrl\":\"https:\/\/isabelle-meschi.com\/wp-content\/uploads\/2018\/10\/isabelle_meschi_traductrice_paris.png\",\"width\":223,\"height\":154,\"caption\":\"Isabelle Meschi - Freelance Translator\"},\"image\":{\"@id\":\"https:\/\/isabelle-meschi.com\/fr\/#\/schema\/logo\/image\/\"}}]}<\/script>\n<!-- \/ Yoast SEO plugin. -->","yoast_head_json":{"title":"Homepage - Isabelle Meschi","robots":{"index":"index","follow":"follow","max-snippet":"max-snippet:-1","max-image-preview":"max-image-preview:large","max-video-preview":"max-video-preview:-1"},"canonical":"https:\/\/isabelle-meschi.com\/fr\/","og_locale":"fr_FR","og_type":"article","og_title":"Homepage - Isabelle Meschi","og_description":"[vc_row center_row_content=\u00a0\u00bbyes\u00a0\u00bb][vc_column][vc_empty_space height=\u00a0\u00bb15px\u00a0\u00bb][vc_row_inner][vc_column_inner width=\u00a0\u00bb1\/4&Prime;][vc_column_text][\/vc_column_text][\/vc_column_inner][vc_column_inner width=\u00a0\u00bb3\/4&Prime;][vc_column_text]Benvenuti sul mio sito internet dedicato alla traduzione e ad altri argomenti che mi stanno a cuore. Spero che possiate trovare quello che cercate! Come ho.","og_url":"https:\/\/isabelle-meschi.com\/it\/","og_site_name":"Isabelle Meschi","article_modified_time":"2022-10-11T12:41:56+00:00","og_image":[{"url":"http:\/\/isabelle-meschi.com\/wp-content\/uploads\/2019\/04\/Bibi-3-1-200x300.jpg"}],"twitter_card":"summary_large_image","twitter_misc":{"Dur\u00e9e de lecture estim\u00e9e":"4 minutes"},"schema":{"@context":"https:\/\/schema.org","@graph":[{"@type":"WebPage","@id":"https:\/\/isabelle-meschi.com\/it\/","url":"https:\/\/isabelle-meschi.com\/it\/","name":"Homepage - Isabelle Meschi","isPartOf":{"@id":"https:\/\/isabelle-meschi.com\/fr\/#website"},"datePublished":"2018-12-26T09:05:20+00:00","dateModified":"2022-10-11T12:41:56+00:00","breadcrumb":{"@id":"https:\/\/isabelle-meschi.com\/it\/#breadcrumb"},"inLanguage":"fr-FR","potentialAction":[{"@type":"ReadAction","target":["https:\/\/isabelle-meschi.com\/it\/"]}]},{"@type":"BreadcrumbList","@id":"https:\/\/isabelle-meschi.com\/it\/#breadcrumb","itemListElement":[{"@type":"ListItem","position":1,"name":"Homepage","item":"https:\/\/isabelle-meschi.com\/fr\/"},{"@type":"ListItem","position":2,"name":"Homepage"}]},{"@type":"WebSite","@id":"https:\/\/isabelle-meschi.com\/fr\/#website","url":"https:\/\/isabelle-meschi.com\/fr\/","name":"Isabelle Meschi - Traductrice Freelance","description":"Traductrice Freelance","publisher":{"@id":"https:\/\/isabelle-meschi.com\/fr\/#organization"},"potentialAction":[{"@type":"SearchAction","target":{"@type":"EntryPoint","urlTemplate":"https:\/\/isabelle-meschi.com\/fr\/?s={search_term_string}"},"query-input":"required name=search_term_string"}],"inLanguage":"fr-FR"},{"@type":"Organization","@id":"https:\/\/isabelle-meschi.com\/fr\/#organization","name":"Isabelle Meschi - Freelance Translator","url":"https:\/\/isabelle-meschi.com\/fr\/","logo":{"@type":"ImageObject","inLanguage":"fr-FR","@id":"https:\/\/isabelle-meschi.com\/fr\/#\/schema\/logo\/image\/","url":"https:\/\/isabelle-meschi.com\/wp-content\/uploads\/2018\/10\/isabelle_meschi_traductrice_paris.png","contentUrl":"https:\/\/isabelle-meschi.com\/wp-content\/uploads\/2018\/10\/isabelle_meschi_traductrice_paris.png","width":223,"height":154,"caption":"Isabelle Meschi - Freelance Translator"},"image":{"@id":"https:\/\/isabelle-meschi.com\/fr\/#\/schema\/logo\/image\/"}}]}},"_links":{"self":[{"href":"https:\/\/isabelle-meschi.com\/it\/wp-json\/wp\/v2\/pages\/1362\/"}],"collection":[{"href":"https:\/\/isabelle-meschi.com\/it\/wp-json\/wp\/v2\/pages\/"}],"about":[{"href":"https:\/\/isabelle-meschi.com\/it\/wp-json\/wp\/v2\/types\/page\/"}],"author":[{"embeddable":true,"href":"https:\/\/isabelle-meschi.com\/it\/wp-json\/wp\/v2\/users\/1\/"}],"replies":[{"embeddable":true,"href":"https:\/\/isabelle-meschi.com\/it\/wp-json\/wp\/v2\/comments\/?post=1362"}],"version-history":[{"count":11,"href":"https:\/\/isabelle-meschi.com\/it\/wp-json\/wp\/v2\/pages\/1362\/revisions\/"}],"predecessor-version":[{"id":3853,"href":"https:\/\/isabelle-meschi.com\/it\/wp-json\/wp\/v2\/pages\/1362\/revisions\/3853\/"}],"wp:attachment":[{"href":"https:\/\/isabelle-meschi.com\/it\/wp-json\/wp\/v2\/media\/?parent=1362"}],"curies":[{"name":"wp","href":"https:\/\/api.w.org\/{rel}","templated":true}]}}