{"id":241,"date":"2015-08-22T05:55:12","date_gmt":"2015-08-22T05:55:12","guid":{"rendered":"http:\/\/defatch-demo.com\/themes\/juster\/vintage\/?page_id=241"},"modified":"2018-12-26T05:19:19","modified_gmt":"2018-12-26T05:19:19","slug":"contact","status":"publish","type":"page","link":"https:\/\/isabelle-meschi.com\/fr\/contact\/","title":{"rendered":"Contact"},"content":{"rendered":"<p>[vc_row center_row_content=\u00a0\u00bbyes\u00a0\u00bb css=\u00a0\u00bb.vc_custom_1443190454204{padding-bottom: 85px !important;padding-left: 0px !important;}\u00a0\u00bb el_id=\u00a0\u00bbcc-jt-vint-conact-padding\u00a0\u00bb][vc_column width=\u00a0\u00bb1\/2&Prime; text_alignment=\u00a0\u00bbleft\u00a0\u00bb column_padding_left=\u00a0\u00bb0px\u00a0\u00bb el_class=\u00a0\u00bbpadding-left-zero\u00a0\u00bb]<div class=\"jt-heading \" style=\"text-align:left;\"><h3 class=\"jt-main-head\" style=\"font-size:18px;\">Contact<\/h3><div class=\"jt-leaf-left jt-leaf\"><\/div><h4 class=\"sub-heading\" style=\"\">Utilisez le formulaire ci-dessous pour obtenir un devis et plus d'informations.<\/p>\n<p>Afin de pr\u00e9parer ce dernier, je vous invite \u00e0 me pr\u00e9ciser le nombre de mots de votre projet technique ou litt\u00e9raire ainsi que son d\u00e9lai de livraison, son support, sa langue source et son th\u00e8me.<\/h4><\/div>[vc_column_text]<div role=\"form\" class=\"wpcf7\" id=\"wpcf7-f869-o1\" lang=\"en-US\" dir=\"ltr\">\n<div class=\"screen-reader-response\"><p role=\"status\" aria-live=\"polite\" aria-atomic=\"true\"><\/p> <ul><\/ul><\/div>\n<form action=\"\/fr\/wp-json\/wp\/v2\/pages\/241\/#wpcf7-f869-o1\" method=\"post\" class=\"wpcf7-form init\" enctype=\"multipart\/form-data\" novalidate=\"novalidate\" data-status=\"init\">\n<div style=\"display: none;\">\n<input type=\"hidden\" name=\"_wpcf7\" value=\"869\" \/>\n<input type=\"hidden\" name=\"_wpcf7_version\" value=\"5.5.4\" \/>\n<input type=\"hidden\" name=\"_wpcf7_locale\" value=\"en_US\" \/>\n<input type=\"hidden\" name=\"_wpcf7_unit_tag\" value=\"wpcf7-f869-o1\" \/>\n<input type=\"hidden\" name=\"_wpcf7_container_post\" value=\"0\" \/>\n<input type=\"hidden\" name=\"_wpcf7_posted_data_hash\" value=\"\" \/>\n<\/div>\n<p><label> Votre Nom<br \/>\n    <span class=\"wpcf7-form-control-wrap your-name\"><input type=\"text\" name=\"your-name\" value=\"\" size=\"40\" class=\"wpcf7-form-control wpcf7-text wpcf7-validates-as-required\" aria-required=\"true\" aria-invalid=\"false\" \/><\/span> <\/label><\/p>\n<p><label> Votre Email<br \/>\n    <span class=\"wpcf7-form-control-wrap your-email\"><input type=\"email\" name=\"your-email\" value=\"\" size=\"40\" class=\"wpcf7-form-control wpcf7-text wpcf7-email wpcf7-validates-as-required wpcf7-validates-as-email\" aria-required=\"true\" aria-invalid=\"false\" \/><\/span> <\/label><\/p>\n<p><label> Sujet<br \/>\n    <span class=\"wpcf7-form-control-wrap your-subject\"><input type=\"text\" name=\"your-subject\" value=\"\" size=\"40\" class=\"wpcf7-form-control wpcf7-text\" aria-invalid=\"false\" \/><\/span> <\/label><\/p>\n<p><label> Soumettre votre fichier (facultatif)<br \/>\n<span class=\"wpcf7-form-control-wrap file-504\"><input type=\"file\" name=\"file-504\" size=\"40\" class=\"wpcf7-form-control wpcf7-file\" accept=\".jpg,.jpeg,.png,.gif,.pdf,.doc,.docx,.ppt,.pptx,.odt,.avi,.ogg,.m4a,.mov,.mp3,.mp4,.mpg,.wav,.wmv\" aria-invalid=\"false\" \/><\/span> <\/label><\/p>\n<p><label> Votre Message<br \/>\n    <span class=\"wpcf7-form-control-wrap your-message\"><textarea name=\"your-message\" cols=\"40\" rows=\"10\" class=\"wpcf7-form-control wpcf7-textarea\" aria-invalid=\"false\"><\/textarea><\/span> <\/label><\/p>\n<p><span class=\"wpcf7-form-control-wrap accept-this-1\"><span class=\"wpcf7-form-control wpcf7-acceptance\"><span class=\"wpcf7-list-item\"><label><input type=\"checkbox\" name=\"accept-this-1\" value=\"1\" aria-invalid=\"false\" \/><span class=\"wpcf7-list-item-label\">J\u2019ai lu et accepte <a href=\"http:\/\/isabelle-meschi.com\/politique-confidentialite\"> la politique de confidentialit\u00e9.<\/span><\/label><\/span><\/span><\/span><\/p>\n<p><input type=\"submit\" value=\"Envoyer\" class=\"wpcf7-form-control has-spinner wpcf7-submit\" \/><\/p>\n<p style=\"display: none !important;\"><label>&#916;<textarea name=\"_wpcf7_ak_hp_textarea\" cols=\"45\" rows=\"8\" maxlength=\"100\"><\/textarea><\/label><input type=\"hidden\" id=\"ak_js_1\" name=\"_wpcf7_ak_js\" value=\"130\"\/><script>document.getElementById( \"ak_js_1\" ).setAttribute( \"value\", ( new Date() ).getTime() );<\/script><\/p><div class=\"wpcf7-response-output\" aria-hidden=\"true\"><\/div><\/form><\/div>[\/vc_column_text][\/vc_column][vc_column width=\u00a0\u00bb1\/2&Prime; el_class=\u00a0\u00bbjt-vint-conact-padding\u00a0\u00bb][vc_empty_space height=\u00a0\u00bb80px\u00a0\u00bb][vc_column_text]<strong>Contact<\/strong><\/p>\n<p><strong>Email<\/strong>: contact@isabelle-meschi.com<\/p>\n<p><strong>T\u00e9l\u00e9phone<\/strong>: +33 6 23 74 24 67[\/vc_column_text][\/vc_column][\/vc_row]<\/p>\n","protected":false},"excerpt":{"rendered":"<p>[vc_row center_row_content=\u00a0\u00bbyes\u00a0\u00bb css=\u00a0\u00bb.vc_custom_1443190454204{padding-bottom: 85px !important;padding-left: 0px !important;}\u00a0\u00bb el_id=\u00a0\u00bbcc-jt-vint-conact-padding\u00a0\u00bb][vc_column width=\u00a0\u00bb1\/2&Prime; text_alignment=\u00a0\u00bbleft\u00a0\u00bb column_padding_left=\u00a0\u00bb0px\u00a0\u00bb el_class=\u00a0\u00bbpadding-left-zero\u00a0\u00bb][vc_column_text][\/vc_column_text][\/vc_column][vc_column width=\u00a0\u00bb1\/2&Prime; el_class=\u00a0\u00bbjt-vint-conact-padding\u00a0\u00bb][vc_empty_space height=\u00a0\u00bb80px\u00a0\u00bb][vc_column_text]Contact Email: contact@isabelle-meschi.com T\u00e9l\u00e9phone: +33 6 23 74 24 67[\/vc_column_text][\/vc_column][\/vc_row]<\/p>\n","protected":false},"author":1,"featured_media":0,"parent":0,"menu_order":0,"comment_status":"open","ping_status":"open","template":"","meta":{"_mi_skip_tracking":false},"yoast_head":"<!-- This site is optimized with the Yoast SEO plugin v20.0 - https:\/\/yoast.com\/wordpress\/plugins\/seo\/ -->\n<title>Contact - Isabelle Meschi<\/title>\n<meta name=\"robots\" content=\"index, follow, max-snippet:-1, max-image-preview:large, max-video-preview:-1\" \/>\n<link rel=\"canonical\" href=\"https:\/\/isabelle-meschi.com\/fr\/contact\/\" \/>\n<meta property=\"og:locale\" content=\"fr_FR\" \/>\n<meta property=\"og:type\" content=\"article\" \/>\n<meta property=\"og:title\" content=\"Contact - Isabelle Meschi\" \/>\n<meta property=\"og:description\" content=\"[vc_row center_row_content=\u00a0\u00bbyes\u00a0\u00bb css=\u00a0\u00bb.vc_custom_1443190454204{padding-bottom: 85px !important;padding-left: 0px !important;}\u00a0\u00bb el_id=\u00a0\u00bbcc-jt-vint-conact-padding\u00a0\u00bb][vc_column width=\u00a0\u00bb1\/2&Prime; text_alignment=\u00a0\u00bbleft\u00a0\u00bb column_padding_left=\u00a0\u00bb0px\u00a0\u00bb el_class=\u00a0\u00bbpadding-left-zero\u00a0\u00bb][vc_column_text][\/vc_column_text][\/vc_column][vc_column width=\u00a0\u00bb1\/2&Prime; el_class=\u00a0\u00bbjt-vint-conact-padding\u00a0\u00bb][vc_empty_space height=\u00a0\u00bb80px\u00a0\u00bb][vc_column_text]Contact Email: contact@isabelle-meschi.com T\u00e9l\u00e9phone: +33 6 23 74 24 67[\/vc_column_text][\/vc_column][\/vc_row]\" \/>\n<meta property=\"og:url\" content=\"https:\/\/isabelle-meschi.com\/fr\/contact\/\" \/>\n<meta property=\"og:site_name\" content=\"Isabelle Meschi\" \/>\n<meta property=\"article:modified_time\" content=\"2018-12-26T05:19:19+00:00\" \/>\n<meta name=\"twitter:card\" content=\"summary_large_image\" \/>\n<meta name=\"twitter:label1\" content=\"Dur\u00e9e de lecture estim\u00e9e\" \/>\n\t<meta name=\"twitter:data1\" content=\"1 minute\" \/>\n<script type=\"application\/ld+json\" class=\"yoast-schema-graph\">{\"@context\":\"https:\/\/schema.org\",\"@graph\":[{\"@type\":\"WebPage\",\"@id\":\"https:\/\/isabelle-meschi.com\/fr\/contact\/\",\"url\":\"https:\/\/isabelle-meschi.com\/fr\/contact\/\",\"name\":\"Contact - Isabelle Meschi\",\"isPartOf\":{\"@id\":\"https:\/\/isabelle-meschi.com\/fr\/#website\"},\"datePublished\":\"2015-08-22T05:55:12+00:00\",\"dateModified\":\"2018-12-26T05:19:19+00:00\",\"breadcrumb\":{\"@id\":\"https:\/\/isabelle-meschi.com\/fr\/contact\/#breadcrumb\"},\"inLanguage\":\"fr-FR\",\"potentialAction\":[{\"@type\":\"ReadAction\",\"target\":[\"https:\/\/isabelle-meschi.com\/fr\/contact\/\"]}]},{\"@type\":\"BreadcrumbList\",\"@id\":\"https:\/\/isabelle-meschi.com\/fr\/contact\/#breadcrumb\",\"itemListElement\":[{\"@type\":\"ListItem\",\"position\":1,\"name\":\"Homepage\",\"item\":\"https:\/\/isabelle-meschi.com\/fr\/\"},{\"@type\":\"ListItem\",\"position\":2,\"name\":\"Contact\"}]},{\"@type\":\"WebSite\",\"@id\":\"https:\/\/isabelle-meschi.com\/fr\/#website\",\"url\":\"https:\/\/isabelle-meschi.com\/fr\/\",\"name\":\"Isabelle Meschi - Traductrice Freelance\",\"description\":\"Traductrice Freelance\",\"publisher\":{\"@id\":\"https:\/\/isabelle-meschi.com\/fr\/#organization\"},\"potentialAction\":[{\"@type\":\"SearchAction\",\"target\":{\"@type\":\"EntryPoint\",\"urlTemplate\":\"https:\/\/isabelle-meschi.com\/fr\/?s={search_term_string}\"},\"query-input\":\"required name=search_term_string\"}],\"inLanguage\":\"fr-FR\"},{\"@type\":\"Organization\",\"@id\":\"https:\/\/isabelle-meschi.com\/fr\/#organization\",\"name\":\"Isabelle Meschi - Freelance Translator\",\"url\":\"https:\/\/isabelle-meschi.com\/fr\/\",\"logo\":{\"@type\":\"ImageObject\",\"inLanguage\":\"fr-FR\",\"@id\":\"https:\/\/isabelle-meschi.com\/fr\/#\/schema\/logo\/image\/\",\"url\":\"https:\/\/isabelle-meschi.com\/wp-content\/uploads\/2018\/10\/isabelle_meschi_traductrice_paris.png\",\"contentUrl\":\"https:\/\/isabelle-meschi.com\/wp-content\/uploads\/2018\/10\/isabelle_meschi_traductrice_paris.png\",\"width\":223,\"height\":154,\"caption\":\"Isabelle Meschi - Freelance Translator\"},\"image\":{\"@id\":\"https:\/\/isabelle-meschi.com\/fr\/#\/schema\/logo\/image\/\"}}]}<\/script>\n<!-- \/ Yoast SEO plugin. -->","yoast_head_json":{"title":"Contact - Isabelle Meschi","robots":{"index":"index","follow":"follow","max-snippet":"max-snippet:-1","max-image-preview":"max-image-preview:large","max-video-preview":"max-video-preview:-1"},"canonical":"https:\/\/isabelle-meschi.com\/fr\/contact\/","og_locale":"fr_FR","og_type":"article","og_title":"Contact - Isabelle Meschi","og_description":"[vc_row center_row_content=\u00a0\u00bbyes\u00a0\u00bb css=\u00a0\u00bb.vc_custom_1443190454204{padding-bottom: 85px !important;padding-left: 0px !important;}\u00a0\u00bb el_id=\u00a0\u00bbcc-jt-vint-conact-padding\u00a0\u00bb][vc_column width=\u00a0\u00bb1\/2&Prime; text_alignment=\u00a0\u00bbleft\u00a0\u00bb column_padding_left=\u00a0\u00bb0px\u00a0\u00bb el_class=\u00a0\u00bbpadding-left-zero\u00a0\u00bb][vc_column_text][\/vc_column_text][\/vc_column][vc_column width=\u00a0\u00bb1\/2&Prime; el_class=\u00a0\u00bbjt-vint-conact-padding\u00a0\u00bb][vc_empty_space height=\u00a0\u00bb80px\u00a0\u00bb][vc_column_text]Contact Email: contact@isabelle-meschi.com T\u00e9l\u00e9phone: +33 6 23 74 24 67[\/vc_column_text][\/vc_column][\/vc_row]","og_url":"https:\/\/isabelle-meschi.com\/fr\/contact\/","og_site_name":"Isabelle Meschi","article_modified_time":"2018-12-26T05:19:19+00:00","twitter_card":"summary_large_image","twitter_misc":{"Dur\u00e9e de lecture estim\u00e9e":"1 minute"},"schema":{"@context":"https:\/\/schema.org","@graph":[{"@type":"WebPage","@id":"https:\/\/isabelle-meschi.com\/fr\/contact\/","url":"https:\/\/isabelle-meschi.com\/fr\/contact\/","name":"Contact - Isabelle Meschi","isPartOf":{"@id":"https:\/\/isabelle-meschi.com\/fr\/#website"},"datePublished":"2015-08-22T05:55:12+00:00","dateModified":"2018-12-26T05:19:19+00:00","breadcrumb":{"@id":"https:\/\/isabelle-meschi.com\/fr\/contact\/#breadcrumb"},"inLanguage":"fr-FR","potentialAction":[{"@type":"ReadAction","target":["https:\/\/isabelle-meschi.com\/fr\/contact\/"]}]},{"@type":"BreadcrumbList","@id":"https:\/\/isabelle-meschi.com\/fr\/contact\/#breadcrumb","itemListElement":[{"@type":"ListItem","position":1,"name":"Homepage","item":"https:\/\/isabelle-meschi.com\/fr\/"},{"@type":"ListItem","position":2,"name":"Contact"}]},{"@type":"WebSite","@id":"https:\/\/isabelle-meschi.com\/fr\/#website","url":"https:\/\/isabelle-meschi.com\/fr\/","name":"Isabelle Meschi - Traductrice Freelance","description":"Traductrice Freelance","publisher":{"@id":"https:\/\/isabelle-meschi.com\/fr\/#organization"},"potentialAction":[{"@type":"SearchAction","target":{"@type":"EntryPoint","urlTemplate":"https:\/\/isabelle-meschi.com\/fr\/?s={search_term_string}"},"query-input":"required name=search_term_string"}],"inLanguage":"fr-FR"},{"@type":"Organization","@id":"https:\/\/isabelle-meschi.com\/fr\/#organization","name":"Isabelle Meschi - Freelance Translator","url":"https:\/\/isabelle-meschi.com\/fr\/","logo":{"@type":"ImageObject","inLanguage":"fr-FR","@id":"https:\/\/isabelle-meschi.com\/fr\/#\/schema\/logo\/image\/","url":"https:\/\/isabelle-meschi.com\/wp-content\/uploads\/2018\/10\/isabelle_meschi_traductrice_paris.png","contentUrl":"https:\/\/isabelle-meschi.com\/wp-content\/uploads\/2018\/10\/isabelle_meschi_traductrice_paris.png","width":223,"height":154,"caption":"Isabelle Meschi - Freelance Translator"},"image":{"@id":"https:\/\/isabelle-meschi.com\/fr\/#\/schema\/logo\/image\/"}}]}},"_links":{"self":[{"href":"https:\/\/isabelle-meschi.com\/fr\/wp-json\/wp\/v2\/pages\/241\/"}],"collection":[{"href":"https:\/\/isabelle-meschi.com\/fr\/wp-json\/wp\/v2\/pages\/"}],"about":[{"href":"https:\/\/isabelle-meschi.com\/fr\/wp-json\/wp\/v2\/types\/page\/"}],"author":[{"embeddable":true,"href":"https:\/\/isabelle-meschi.com\/fr\/wp-json\/wp\/v2\/users\/1\/"}],"replies":[{"embeddable":true,"href":"https:\/\/isabelle-meschi.com\/fr\/wp-json\/wp\/v2\/comments\/?post=241"}],"version-history":[{"count":9,"href":"https:\/\/isabelle-meschi.com\/fr\/wp-json\/wp\/v2\/pages\/241\/revisions\/"}],"predecessor-version":[{"id":1004,"href":"https:\/\/isabelle-meschi.com\/fr\/wp-json\/wp\/v2\/pages\/241\/revisions\/1004\/"}],"wp:attachment":[{"href":"https:\/\/isabelle-meschi.com\/fr\/wp-json\/wp\/v2\/media\/?parent=241"}],"curies":[{"name":"wp","href":"https:\/\/api.w.org\/{rel}","templated":true}]}}