{"id":217,"date":"2015-08-22T04:59:11","date_gmt":"2015-08-22T04:59:11","guid":{"rendered":"http:\/\/defatch-demo.com\/themes\/juster\/vintage\/?page_id=217"},"modified":"2022-10-11T12:44:29","modified_gmt":"2022-10-11T12:44:29","slug":"accueil","status":"publish","type":"page","link":"https:\/\/isabelle-meschi.com\/fr\/","title":{"rendered":"Accueil"},"content":{"rendered":"<p>[vc_row center_row_content=\u00a0\u00bbyes\u00a0\u00bb][vc_column]<div class=\"jt-heading \" style=\"text-align:center;\"><h3 class=\"jt-main-head\" style=\"font-size:20px;\">Un peu plus sur moi<\/h3><div class=\"jt-leaf-center jt-leaf\"><\/div><\/div>[vc_empty_space height=\u00a0\u00bb15px\u00a0\u00bb][vc_row_inner][vc_column_inner width=\u00a0\u00bb1\/4&Prime;][vc_column_text]<img decoding=\"async\" loading=\"lazy\" class=\"alignleft wp-image-1600 size-medium\" src=\"http:\/\/isabelle-meschi.com\/wp-content\/uploads\/2019\/04\/Bibi-3-1-200x300.jpg\" alt=\"\" width=\"200\" height=\"300\" srcset=\"https:\/\/isabelle-meschi.com\/wp-content\/uploads\/2019\/04\/Bibi-3-1-200x300.jpg 200w, https:\/\/isabelle-meschi.com\/wp-content\/uploads\/2019\/04\/Bibi-3-1-768x1152.jpg 768w, https:\/\/isabelle-meschi.com\/wp-content\/uploads\/2019\/04\/Bibi-3-1-683x1024.jpg 683w\" sizes=\"(max-width: 200px) 100vw, 200px\" \/>[\/vc_column_text][\/vc_column_inner][vc_column_inner width=\u00a0\u00bb3\/4&Prime;][vc_column_text]Bonjour et bienvenue sur mon site d\u00e9di\u00e9 \u00e0 la traduction ainsi qu&rsquo;\u00e0 d&rsquo;autres sujets qui me tiennent \u00e0 c\u0153ur. J&rsquo;esp\u00e8re que vous y trouverez votre bonheur !<\/p>\n<p>Comment ai-je d\u00e9cid\u00e9 de devenir traductrice ? \u00c0 vrai dire, mon chemin \u00e9tait tout trac\u00e9 puisque je portais en moi la passion pour les langues depuis ma plus tendre enfance. Je suis n\u00e9e en France de parents italiens. Ainsi, toutes les vacances d&rsquo;\u00e9t\u00e9, nous partions en direction de l&rsquo;Italie pour voir la famille et les amis.<\/p>\n<p>L&rsquo;italien, langue m\u00e9lodieuse et chantante, a donc toujours fait partie de ma vie. Puis, est arriv\u00e9 l&rsquo;anglais. Avec lui, c&rsquo;\u00e9tait le coup de foudre, la magie, comme une \u00e9vidence. Petite d\u00e9j\u00e0, j&rsquo;\u00e9tais fascin\u00e9e par cette langue aux doux sons et je nourrissais un immense amour pour l&rsquo;Angleterre, que je n&rsquo;avais jamais encore visit\u00e9e. J&rsquo;avais trouv\u00e9 les deux langues qui me permettraient de vivre plus tard de ma passion. Car la traduction est avant tout une passion pour moi, avant d&rsquo;\u00eatre un travail.<\/p>\n<p>Une passion qui m&rsquo;a aussi permis de vivre \u00e0 Milan et \u00e0 Londres afin de m&rsquo;impr\u00e9gner de la culture li\u00e9e \u00e0 mes deux pays de c\u0153ur. Ces exp\u00e9riences m&rsquo;ont \u00e9norm\u00e9ment enrichie : vivre \u00e0 l&rsquo;\u00e9tranger est une chance qui permet d&rsquo;avoir une vision plus ouverte sur le monde.<\/p>\n<p>J&rsquo;aime mon m\u00e9tier car, \u00e0 travers les lignes, il me permet de voyager, de m&rsquo;instruire et de partager des connaissances avec les autres, notamment les enfants pour qui j&rsquo;ai traduit de nombreux livres.<\/p>\n<p>Comme vous l&rsquo;aurez devin\u00e9, je mettrai donc ma passion des mots \u00e0 votre service pour vous permettre de transmettre votre message \u00e0 votre public.\u00a0<span style=\"font-weight: 400;\">Je terminerai ma pr\u00e9sentation par une citation d&rsquo;Anatole France qui r\u00e9sonne particuli\u00e8rement en mon \u00e2me de traductrice\u00a0: <\/span><\/p>\n<blockquote><p><strong>\u00ab\u00a0Les plus beaux mots ne sont que de vains sons, si on ne les comprend pas.\u00bb<\/strong><\/p><\/blockquote>\n<p>[\/vc_column_text][vc_empty_space][\/vc_column_inner][\/vc_row_inner][\/vc_column][\/vc_row][vc_row center_row_content=\u00a0\u00bbyes\u00a0\u00bb col_right_left_space=\u00a0\u00bbyes\u00a0\u00bb css=\u00a0\u00bb.vc_custom_1444547694998{margin-bottom: 0px !important;padding-top: 90px !important;padding-bottom: 60px !important;background-color: #35373e !important;}\u00a0\u00bb][vc_column width=\u00a0\u00bb1\/4&Prime; el_class=\u00a0\u00bbcounter-five\u00a0\u00bb][vc_column_text]<div class=\"jt-vint-title vint-title-only \"><h2  style=\"color:#fff;\">En quelques chiffres<\/h2><\/div>\u00a0<div class=\"jt-vint-title  jt-leaf-left\"><div class=\"jt-leaf\"><\/div><\/div>[\/vc_column_text][\/vc_column][vc_column width=\u00a0\u00bb3\/4&Prime; el_class=\u00a0\u00bbjt-count-sep-white\u00a0\u00bb][vc_row_inner][vc_column_inner width=\u00a0\u00bb1\/3&Prime;]<div class=\"jt-counter \" style=\"\"><div class=\"jt-num\" style=\"color:#ffffff;\"><span>23<\/span><\/div><div class=\"jt-count-sep\"><\/div><div class=\"jt-coun-content\" style=\"color:#ffffff;\">livres traduits<\/div><\/div>[\/vc_column_inner][vc_column_inner width=\u00a0\u00bb1\/3&Prime;]<div class=\"jt-counter \" style=\"\"><div class=\"jt-num\" style=\"color:#ffffff;\"><span>13<\/span><\/div><div class=\"jt-count-sep\"><\/div><div class=\"jt-coun-content\" style=\"color:#ffffff;\">ans d&#039;exp\u00e9rience<\/div><\/div>[\/vc_column_inner][vc_column_inner width=\u00a0\u00bb1\/3&Prime;]<div class=\"jt-counter \" style=\"\"><div class=\"jt-num\" style=\"color:#ffffff;\"><span>3<\/span><\/div><div class=\"jt-count-sep\"><\/div><div class=\"jt-coun-content\" style=\"color:#ffffff;\">langues ma\u00eetris\u00e9es<\/div><\/div>[\/vc_column_inner][\/vc_row_inner][\/vc_column][\/vc_row][vc_row center_row_content=\u00a0\u00bbyes\u00a0\u00bb css=\u00a0\u00bb.vc_custom_1441894113908{padding-top: 110px !important;}\u00a0\u00bb][vc_column]<div class=\"jt-heading \" style=\"text-align:center;\"><h3 class=\"jt-main-head\" style=\"font-size:20px;\">Ils parlent de moi<\/h3><div class=\"jt-leaf-center jt-leaf\"><\/div><\/div>[vc_empty_space height=\u00a0\u00bb15px\u00a0\u00bb][\/vc_column][\/vc_row][vc_row][vc_column]  <div class=\"jt-test-carousel-two-extrawidth \">\n   <div class=\"jt-heading jt-head-large\">\n        <span class=\"jt-short-title\" style=\"\"><\/span>\n              <\/div>\n\n    <div class=\"jt-test-carousel-two\">\n          <!-- Each Carousel -->\n        <div class=\"jt-test-each-carousel\">\n           <p style=\"\">\n           Excellent work, impressive knowledge of language and attention to detail. Many thanks!           <\/p>\n            <div class=\"jt-test-metas\">\n                                <ul class=\"\">\n                                       <\/ul>\n                <div class=\"jt-test-name\" style=\"\">\n                    Angelika Friedrich                    <span style=\"\">( Peripatetic Translation Services GmbH )<\/span>\n                <\/div>\n            <\/div>\n        <\/div>\n        <!-- Each Carousel -->\n               <!-- Each Carousel -->\n        <div class=\"jt-test-each-carousel\">\n           <p style=\"\">\n           Good communication, delivery on time. Hope to work with you again. Thanks.           <\/p>\n            <div class=\"jt-test-metas\">\n                                <ul class=\"\">\n                                       <\/ul>\n                <div class=\"jt-test-name\" style=\"\">\n                    Agnes Kenez                    <span style=\"\">( Leomilla Translation \/ Leomilla Kft  )<\/span>\n                <\/div>\n            <\/div>\n        <\/div>\n        <!-- Each Carousel -->\n               <!-- Each Carousel -->\n        <div class=\"jt-test-each-carousel\">\n           <p style=\"\">\n           Isabelle did an excellent job on a recent localisation project for the fashion industry from Italian into French. I will definitely use her services again when the opportunity arises. 100% reliable and a great approach to business.           <\/p>\n            <div class=\"jt-test-metas\">\n                                <ul class=\"\">\n                                       <\/ul>\n                <div class=\"jt-test-name\" style=\"\">\n                    Convince                    <span style=\"\">( Karim Hantout \/ Con&#039;vince )<\/span>\n                <\/div>\n            <\/div>\n        <\/div>\n        <!-- Each Carousel -->\n               <!-- Each Carousel -->\n        <div class=\"jt-test-each-carousel\">\n           <p style=\"\">\n           We will certainly work together at the next opportunity.           <\/p>\n            <div class=\"jt-test-metas\">\n                                <ul class=\"\">\n                                       <\/ul>\n                <div class=\"jt-test-name\" style=\"\">\n                    Mirelluk                    <span style=\"\">( Smart Planning UK )<\/span>\n                <\/div>\n            <\/div>\n        <\/div>\n        <!-- Each Carousel -->\n               <!-- Each Carousel -->\n        <div class=\"jt-test-each-carousel\">\n           <p style=\"\">\n           Efficient, fast, competent and reliable translator. Isabelle is the person for you if you want top-notch translations!           <\/p>\n            <div class=\"jt-test-metas\">\n                                <ul class=\"\">\n                                       <\/ul>\n                <div class=\"jt-test-name\" style=\"\">\n                    TraduzioniMedia                    <span style=\"\">( Traduzioni Media )<\/span>\n                <\/div>\n            <\/div>\n        <\/div>\n        <!-- Each Carousel -->\n               <!-- Each Carousel -->\n        <div class=\"jt-test-each-carousel\">\n           <p style=\"\">\n           Brava, affidabile e puntuale. Spero di collaborare ancora in futuro.           <\/p>\n            <div class=\"jt-test-metas\">\n                                <ul class=\"\">\n                                       <\/ul>\n                <div class=\"jt-test-name\" style=\"\">\n                    Marina Vittoria                    <span style=\"\">( STUDIO MVM )<\/span>\n                <\/div>\n            <\/div>\n        <\/div>\n        <!-- Each Carousel -->\n               <!-- Each Carousel -->\n        <div class=\"jt-test-each-carousel\">\n           <p style=\"\">\n           Very helpful, really good translator, on time and very friendly. Really enjoy working with Isabelle!           <\/p>\n            <div class=\"jt-test-metas\">\n                                <ul class=\"\">\n                                       <\/ul>\n                <div class=\"jt-test-name\" style=\"\">\n                    Wolfestone                    <span style=\"\">( Wolfestone Translation )<\/span>\n                <\/div>\n            <\/div>\n        <\/div>\n        <!-- Each Carousel -->\n               <!-- Each Carousel -->\n        <div class=\"jt-test-each-carousel\">\n           <p style=\"\">\n           Outstanding, would definitely trust Isabelle again.           <\/p>\n            <div class=\"jt-test-metas\">\n                                <ul class=\"\">\n                                       <\/ul>\n                <div class=\"jt-test-name\" style=\"\">\n                    Justin Peterson                    <span style=\"\">( Vaughan Systems \/ Vaughan Translations  )<\/span>\n                <\/div>\n            <\/div>\n        <\/div>\n        <!-- Each Carousel -->\n             <\/div>\n  <\/div>\n    [\/vc_column][\/vc_row][vc_row][vc_column]<div class=\"jt-heading \" style=\"text-align:center;\"><h3 class=\"jt-main-head\" style=\"\">Mes comp\u00e9tences \u00e0 votre service<\/h3><div class=\"jt-sep\"><\/div><\/div>[vc_column_text]Mon Master en traduction litt\u00e9raire, technique et scientifique en poche, que j&rsquo;ai obtenu \u00e0 l&rsquo;universit\u00e9 IULM de Milan, j&rsquo;ai d\u00e9cid\u00e9 pratiquement tout de suite de me mettre \u00e0 mon compte afin de go\u00fbter aux joies du m\u00e9tier de traducteur.<br \/>\nJe suis membre de l&rsquo;ATLF (Association des Traducteurs Litt\u00e9raires de France) et je traduis de l&rsquo;anglais et de l&rsquo;italien au fran\u00e7ais.<\/p>\n<p>Voici mes domaines de pr\u00e9dilection.[\/vc_column_text][\/vc_column][\/vc_row][vc_row][vc_column width=\u00a0\u00bb1\/2&Prime;][vc_hoverbox image=\u00a0\u00bb1102&Prime; primary_title=\u00a0\u00bbEdition\u00a0\u00bb primary_title_font_container=\u00a0\u00bbcolor:%23ffffff\u00a0\u00bb hover_title=\u00a0\u00bbEdition\u00a0\u00bb use_custom_fonts_primary_title=\u00a0\u00bbtrue\u00a0\u00bb]J&rsquo;ai la chance de collaborer r\u00e9guli\u00e8rement avec les \u00e9ditions Nathan et d&rsquo;avoir traduit de nombreux livres pour enfants, dont vous trouverez <a href=\"http:\/\/isabelle-meschi.com\/bibliographie\/\">une liste mise \u00e0 jour<\/a>. C&rsquo;est toujours un plaisir de traduire ces manuels qui permettent une transmission du savoir aux futurs adultes de demain. Je traduis \u00e9galement des romans, essais et nouvelles.[\/vc_hoverbox][\/vc_column][vc_column width=\u00a0\u00bb1\/2&Prime;][vc_hoverbox image=\u00a0\u00bb1107&Prime; primary_title=\u00a0\u00bbCin\u00e9ma\u00a0\u00bb primary_title_font_container=\u00a0\u00bbcolor:%23ffffff\u00a0\u00bb hover_title=\u00a0\u00bbCin\u00e9ma\u00a0\u00bb use_custom_fonts_primary_title=\u00a0\u00bbtrue\u00a0\u00bb]Ayant travaill\u00e9 dans le domaine du cin\u00e9ma pendant plusieurs ann\u00e9es, j&rsquo;ai eu la chance de traduire des s\u00e9ries, un film, des bonus de DVD, un script et divers articles li\u00e9s au monde du petit et grand \u00e9cran. Je peux donc m&rsquo;occuper de vos articles ou scripts.[\/vc_hoverbox][\/vc_column][\/vc_row][vc_row][vc_column][vc_empty_space][\/vc_column][\/vc_row][vc_row][vc_column width=\u00a0\u00bb1\/2&Prime;][vc_hoverbox image=\u00a0\u00bb1103&Prime; primary_title=\u00a0\u00bbTourisme\u00a0\u00bb primary_title_font_container=\u00a0\u00bbcolor:%23000000&Prime; hover_title=\u00a0\u00bbTourisme\u00a0\u00bb use_custom_fonts_primary_title=\u00a0\u00bbtrue\u00a0\u00bb]Quoi de plus enrichissant que de voyager \u00e0 travers les lignes d&rsquo;un document pour s&rsquo;\u00e9vader et d\u00e9couvrir de nouveaux horizons ? Je r\u00e9alise r\u00e9guli\u00e8rement des traductions dans ce domaine et peux donc m&rsquo;occuper de vos sites web, brochures, guides, bulletins d&rsquo;information et autres documents.[\/vc_hoverbox][\/vc_column][vc_column width=\u00a0\u00bb1\/2&Prime;][vc_hoverbox image=\u00a0\u00bb1101&Prime; primary_title=\u00a0\u00bbCosm\u00e9tique\u00a0\u00bb primary_title_font_container=\u00a0\u00bbcolor:%23ffffff\u00a0\u00bb hover_title=\u00a0\u00bbCosm\u00e9tique\u00a0\u00bb use_custom_fonts_primary_title=\u00a0\u00bbtrue\u00a0\u00bb]J&rsquo;ai une grande exp\u00e9rience dans le domaine cosm\u00e9tique et je serai ravie de traduire vos fiches produits, sites web, brochures, catalogues, notices ou pr\u00e9sentations commerciales.[\/vc_hoverbox][\/vc_column][\/vc_row][vc_row][vc_column][vc_empty_space][vc_column_text]Votre secteur ne figure pas dans mes domaines de sp\u00e9cialit\u00e9 ? Je traduis aussi d&rsquo;autres types de documents plus techniques, tels que des notices d&rsquo;utilisation, des contrats ou des conditions g\u00e9n\u00e9rales de vente. N&rsquo;h\u00e9sitez pas \u00e0 <a href=\"http:\/\/isabelle-meschi.com\/contact\/\">me contacter<\/a> pour en discuter.<\/p>\n<p>Enfin, je propose \u00e9galement des services de relecture (en fran\u00e7ais) et de r\u00e9vision (de l&rsquo;anglais et de l&rsquo;italien au fran\u00e7ais).[\/vc_column_text][\/vc_column][\/vc_row]<\/p>\n","protected":false},"excerpt":{"rendered":"<p>[vc_row center_row_content=\u00a0\u00bbyes\u00a0\u00bb][vc_column][vc_empty_space height=\u00a0\u00bb15px\u00a0\u00bb][vc_row_inner][vc_column_inner width=\u00a0\u00bb1\/4&Prime;][vc_column_text][\/vc_column_text][\/vc_column_inner][vc_column_inner width=\u00a0\u00bb3\/4&Prime;][vc_column_text]Bonjour et bienvenue sur mon site d\u00e9di\u00e9 \u00e0 la traduction ainsi qu&rsquo;\u00e0 d&rsquo;autres sujets qui me tiennent \u00e0 c\u0153ur. J&rsquo;esp\u00e8re que vous y trouverez votre bonheur.<\/p>\n","protected":false},"author":1,"featured_media":0,"parent":0,"menu_order":0,"comment_status":"open","ping_status":"closed","template":"","meta":{"_mi_skip_tracking":false},"yoast_head":"<!-- This site is optimized with the Yoast SEO plugin v20.0 - https:\/\/yoast.com\/wordpress\/plugins\/seo\/ -->\n<title>Isabelle Meschi - Traductrice ind\u00e9pendante<\/title>\n<meta name=\"description\" content=\"Isabelle Meschi, traductrice ind\u00e9pendante de l&#039;anglais et l&#039;italien vers le fran\u00e7ais. Venez d\u00e9couvrir mes domaines de comp\u00e9tences.\" \/>\n<meta name=\"robots\" content=\"index, follow, max-snippet:-1, max-image-preview:large, max-video-preview:-1\" \/>\n<link rel=\"canonical\" href=\"https:\/\/isabelle-meschi.com\/fr\/\" \/>\n<meta property=\"og:locale\" content=\"fr_FR\" \/>\n<meta property=\"og:type\" content=\"article\" \/>\n<meta property=\"og:title\" content=\"Isabelle Meschi - Traductrice ind\u00e9pendante\" \/>\n<meta property=\"og:description\" content=\"Isabelle Meschi, traductrice ind\u00e9pendante de l&#039;anglais et l&#039;italien vers le fran\u00e7ais. Venez d\u00e9couvrir mes domaines de comp\u00e9tences.\" \/>\n<meta property=\"og:url\" content=\"https:\/\/isabelle-meschi.com\/fr\/\" \/>\n<meta property=\"og:site_name\" content=\"Isabelle Meschi\" \/>\n<meta property=\"article:modified_time\" content=\"2022-10-11T12:44:29+00:00\" \/>\n<meta property=\"og:image\" content=\"http:\/\/isabelle-meschi.com\/wp-content\/uploads\/2019\/04\/Bibi-3-1-200x300.jpg\" \/>\n<meta name=\"twitter:card\" content=\"summary_large_image\" \/>\n<meta name=\"twitter:label1\" content=\"Dur\u00e9e de lecture estim\u00e9e\" \/>\n\t<meta name=\"twitter:data1\" content=\"6 minutes\" \/>\n<script type=\"application\/ld+json\" class=\"yoast-schema-graph\">{\"@context\":\"https:\/\/schema.org\",\"@graph\":[{\"@type\":\"WebPage\",\"@id\":\"https:\/\/isabelle-meschi.com\/fr\/\",\"url\":\"https:\/\/isabelle-meschi.com\/fr\/\",\"name\":\"Isabelle Meschi - Traductrice ind\u00e9pendante\",\"isPartOf\":{\"@id\":\"https:\/\/isabelle-meschi.com\/fr\/#website\"},\"datePublished\":\"2015-08-22T04:59:11+00:00\",\"dateModified\":\"2022-10-11T12:44:29+00:00\",\"description\":\"Isabelle Meschi, traductrice ind\u00e9pendante de l'anglais et l'italien vers le fran\u00e7ais. Venez d\u00e9couvrir mes domaines de comp\u00e9tences.\",\"breadcrumb\":{\"@id\":\"https:\/\/isabelle-meschi.com\/fr\/#breadcrumb\"},\"inLanguage\":\"fr-FR\",\"potentialAction\":[{\"@type\":\"ReadAction\",\"target\":[\"https:\/\/isabelle-meschi.com\/fr\/\"]}]},{\"@type\":\"BreadcrumbList\",\"@id\":\"https:\/\/isabelle-meschi.com\/fr\/#breadcrumb\",\"itemListElement\":[{\"@type\":\"ListItem\",\"position\":1,\"name\":\"Homepage\",\"item\":\"https:\/\/isabelle-meschi.com\/fr\/\"},{\"@type\":\"ListItem\",\"position\":2,\"name\":\"Accueil\"}]},{\"@type\":\"WebSite\",\"@id\":\"https:\/\/isabelle-meschi.com\/fr\/#website\",\"url\":\"https:\/\/isabelle-meschi.com\/fr\/\",\"name\":\"Isabelle Meschi - Traductrice Freelance\",\"description\":\"Traductrice Freelance\",\"publisher\":{\"@id\":\"https:\/\/isabelle-meschi.com\/fr\/#organization\"},\"potentialAction\":[{\"@type\":\"SearchAction\",\"target\":{\"@type\":\"EntryPoint\",\"urlTemplate\":\"https:\/\/isabelle-meschi.com\/fr\/?s={search_term_string}\"},\"query-input\":\"required name=search_term_string\"}],\"inLanguage\":\"fr-FR\"},{\"@type\":\"Organization\",\"@id\":\"https:\/\/isabelle-meschi.com\/fr\/#organization\",\"name\":\"Isabelle Meschi - Freelance Translator\",\"url\":\"https:\/\/isabelle-meschi.com\/fr\/\",\"logo\":{\"@type\":\"ImageObject\",\"inLanguage\":\"fr-FR\",\"@id\":\"https:\/\/isabelle-meschi.com\/fr\/#\/schema\/logo\/image\/\",\"url\":\"https:\/\/isabelle-meschi.com\/wp-content\/uploads\/2018\/10\/isabelle_meschi_traductrice_paris.png\",\"contentUrl\":\"https:\/\/isabelle-meschi.com\/wp-content\/uploads\/2018\/10\/isabelle_meschi_traductrice_paris.png\",\"width\":223,\"height\":154,\"caption\":\"Isabelle Meschi - Freelance Translator\"},\"image\":{\"@id\":\"https:\/\/isabelle-meschi.com\/fr\/#\/schema\/logo\/image\/\"}}]}<\/script>\n<!-- \/ Yoast SEO plugin. -->","yoast_head_json":{"title":"Isabelle Meschi - Traductrice ind\u00e9pendante","description":"Isabelle Meschi, traductrice ind\u00e9pendante de l'anglais et l'italien vers le fran\u00e7ais. Venez d\u00e9couvrir mes domaines de comp\u00e9tences.","robots":{"index":"index","follow":"follow","max-snippet":"max-snippet:-1","max-image-preview":"max-image-preview:large","max-video-preview":"max-video-preview:-1"},"canonical":"https:\/\/isabelle-meschi.com\/fr\/","og_locale":"fr_FR","og_type":"article","og_title":"Isabelle Meschi - Traductrice ind\u00e9pendante","og_description":"Isabelle Meschi, traductrice ind\u00e9pendante de l'anglais et l'italien vers le fran\u00e7ais. Venez d\u00e9couvrir mes domaines de comp\u00e9tences.","og_url":"https:\/\/isabelle-meschi.com\/fr\/","og_site_name":"Isabelle Meschi","article_modified_time":"2022-10-11T12:44:29+00:00","og_image":[{"url":"http:\/\/isabelle-meschi.com\/wp-content\/uploads\/2019\/04\/Bibi-3-1-200x300.jpg"}],"twitter_card":"summary_large_image","twitter_misc":{"Dur\u00e9e de lecture estim\u00e9e":"6 minutes"},"schema":{"@context":"https:\/\/schema.org","@graph":[{"@type":"WebPage","@id":"https:\/\/isabelle-meschi.com\/fr\/","url":"https:\/\/isabelle-meschi.com\/fr\/","name":"Isabelle Meschi - Traductrice ind\u00e9pendante","isPartOf":{"@id":"https:\/\/isabelle-meschi.com\/fr\/#website"},"datePublished":"2015-08-22T04:59:11+00:00","dateModified":"2022-10-11T12:44:29+00:00","description":"Isabelle Meschi, traductrice ind\u00e9pendante de l'anglais et l'italien vers le fran\u00e7ais. Venez d\u00e9couvrir mes domaines de comp\u00e9tences.","breadcrumb":{"@id":"https:\/\/isabelle-meschi.com\/fr\/#breadcrumb"},"inLanguage":"fr-FR","potentialAction":[{"@type":"ReadAction","target":["https:\/\/isabelle-meschi.com\/fr\/"]}]},{"@type":"BreadcrumbList","@id":"https:\/\/isabelle-meschi.com\/fr\/#breadcrumb","itemListElement":[{"@type":"ListItem","position":1,"name":"Homepage","item":"https:\/\/isabelle-meschi.com\/fr\/"},{"@type":"ListItem","position":2,"name":"Accueil"}]},{"@type":"WebSite","@id":"https:\/\/isabelle-meschi.com\/fr\/#website","url":"https:\/\/isabelle-meschi.com\/fr\/","name":"Isabelle Meschi - Traductrice Freelance","description":"Traductrice Freelance","publisher":{"@id":"https:\/\/isabelle-meschi.com\/fr\/#organization"},"potentialAction":[{"@type":"SearchAction","target":{"@type":"EntryPoint","urlTemplate":"https:\/\/isabelle-meschi.com\/fr\/?s={search_term_string}"},"query-input":"required name=search_term_string"}],"inLanguage":"fr-FR"},{"@type":"Organization","@id":"https:\/\/isabelle-meschi.com\/fr\/#organization","name":"Isabelle Meschi - Freelance Translator","url":"https:\/\/isabelle-meschi.com\/fr\/","logo":{"@type":"ImageObject","inLanguage":"fr-FR","@id":"https:\/\/isabelle-meschi.com\/fr\/#\/schema\/logo\/image\/","url":"https:\/\/isabelle-meschi.com\/wp-content\/uploads\/2018\/10\/isabelle_meschi_traductrice_paris.png","contentUrl":"https:\/\/isabelle-meschi.com\/wp-content\/uploads\/2018\/10\/isabelle_meschi_traductrice_paris.png","width":223,"height":154,"caption":"Isabelle Meschi - Freelance Translator"},"image":{"@id":"https:\/\/isabelle-meschi.com\/fr\/#\/schema\/logo\/image\/"}}]}},"_links":{"self":[{"href":"https:\/\/isabelle-meschi.com\/fr\/wp-json\/wp\/v2\/pages\/217\/"}],"collection":[{"href":"https:\/\/isabelle-meschi.com\/fr\/wp-json\/wp\/v2\/pages\/"}],"about":[{"href":"https:\/\/isabelle-meschi.com\/fr\/wp-json\/wp\/v2\/types\/page\/"}],"author":[{"embeddable":true,"href":"https:\/\/isabelle-meschi.com\/fr\/wp-json\/wp\/v2\/users\/1\/"}],"replies":[{"embeddable":true,"href":"https:\/\/isabelle-meschi.com\/fr\/wp-json\/wp\/v2\/comments\/?post=217"}],"version-history":[{"count":92,"href":"https:\/\/isabelle-meschi.com\/fr\/wp-json\/wp\/v2\/pages\/217\/revisions\/"}],"predecessor-version":[{"id":3855,"href":"https:\/\/isabelle-meschi.com\/fr\/wp-json\/wp\/v2\/pages\/217\/revisions\/3855\/"}],"wp:attachment":[{"href":"https:\/\/isabelle-meschi.com\/fr\/wp-json\/wp\/v2\/media\/?parent=217"}],"curies":[{"name":"wp","href":"https:\/\/api.w.org\/{rel}","templated":true}]}}